{"id":38,"date":"2025-12-03T21:03:16","date_gmt":"2025-12-03T21:03:16","guid":{"rendered":"https:\/\/primeguestamenities.com\/index.php\/home\/"},"modified":"2026-03-30T08:27:57","modified_gmt":"2026-03-30T08:27:57","slug":"home","status":"publish","type":"page","link":"https:\/\/primeguestamenities.com\/","title":{"rendered":"Home"},"content":{"rendered":"\t\t<div data-elementor-type=\"wp-page\" data-elementor-id=\"38\" class=\"elementor elementor-38\">\n\t\t\t\t<div class=\"elementor-element elementor-element-abfd6e8 e-con-full responsive-img e-flex e-con e-parent\" data-id=\"abfd6e8\" data-element_type=\"container\" data-settings=\"{&quot;background_background&quot;:&quot;slideshow&quot;,&quot;background_slideshow_gallery&quot;:[],&quot;background_slideshow_loop&quot;:&quot;yes&quot;,&quot;background_slideshow_slide_duration&quot;:5000,&quot;background_slideshow_slide_transition&quot;:&quot;fade&quot;,&quot;background_slideshow_transition_duration&quot;:500}\">\n\t\t\t\t<\/div>\n\t\t<div class=\"elementor-element elementor-element-15aacd0 e-flex e-con-boxed e-con e-parent\" data-id=\"15aacd0\" data-element_type=\"container\">\n\t\t\t\t\t<div class=\"e-con-inner\">\n\t\t\t\t\t<\/div>\n\t\t\t\t<\/div>\n\t\t<div class=\"elementor-element elementor-element-ba6f807 e-flex e-con-boxed e-con e-parent\" data-id=\"ba6f807\" data-element_type=\"container\">\n\t\t\t\t\t<div class=\"e-con-inner\">\n\t\t\t\t<div class=\"elementor-element elementor-element-677014f elementor-widget elementor-widget-heading\" data-id=\"677014f\" data-element_type=\"widget\" data-widget_type=\"heading.default\">\n\t\t\t\t\t<h1 class=\"elementor-heading-title elementor-size-default\">Your Trusted Partner in Amenity Solutions<\/h1>\t\t\t\t<\/div>\n\t\t\t\t<div class=\"elementor-element elementor-element-e742544 elementor-widget elementor-widget-text-editor\" data-id=\"e742544\" data-element_type=\"widget\" data-widget_type=\"text-editor.default\">\n\t\t\t\t\t\t\t\t\t<p data-start=\"60\" data-end=\"398\">An unforgettable stay is not just about a comfortable bed or a breathtaking view; it lies in the care and the feeling of \u201ceverything here has been thoughtfully arranged for me\u201d that a guest experiences from the moment they enter the room. At Prime Guest Amenities, we are the architects of these finest details that create that feeling.<\/p><p data-start=\"400\" data-end=\"713\">The hotel amenities sector is much more than a product supply business; it is a silent yet powerful language of communication between the guest and the hotel. With this awareness, we serve not just as a supplier but as a professional solution partner for hotels, hospitals, and all accommodation establishments.<\/p><p data-start=\"715\" data-end=\"1228\"><strong>Where Quality Meets Aesthetics<\/strong><br data-start=\"749\" data-end=\"752\" \/>Every solution we offer under the Prime Guest Amenities umbrella is designed with both aesthetic sensibility and quality standards in mind. From shampoo, shower gel, and soap sets to complementary products like dental kits, shaving kits, and sewing kits, our extensive product range is prepared to harmonize with your hotel\u2019s corporate identity. Our goal is for even the smallest bottle in the bathroom to serve as a signature element that enhances your hotel\u2019s brand value.<\/p>\t\t\t\t\t\t\t\t<\/div>\n\t\t\t\t\t<\/div>\n\t\t\t\t<\/div>\n\t\t<div class=\"elementor-element elementor-element-55503a7 e-con-full e-flex e-con e-parent\" data-id=\"55503a7\" data-element_type=\"container\">\n\t\t\t\t<div class=\"elementor-element elementor-element-441bfb3 elementor-widget elementor-widget-html\" data-id=\"441bfb3\" data-element_type=\"widget\" data-widget_type=\"html.default\">\n\t\t\t\t\t<!-- 12 \u00dcr\u00fcnl\u00fc B\u00fcy\u00fck Galeri -->\r\n<style>\r\n.product-grid {\r\n  display: grid;\r\n  grid-template-columns: repeat(auto-fit, minmax(360px, 1fr)); \/* Daha geni\u015f kutular *\/\r\n  gap: 40px; \/* Daha geni\u015f bo\u015fluk *\/\r\n  margin: 50px 0;\r\n  padding: 0 20px;\r\n}\r\n.product-item {\r\n  border: 1px solid #ddd;\r\n  border-radius: 12px;\r\n  overflow: hidden;\r\n  text-align: center;\r\n  background-color: #fff;\r\n  transition: transform 0.4s, box-shadow 0.4s;\r\n}\r\n.product-item:hover {\r\n  transform: translateY(-12px);\r\n  box-shadow: 0 18px 35px rgba(0,0,0,0.35);\r\n}\r\n.product-item img {\r\n  width: 100%;\r\n  height: 280px; \/* Daha b\u00fcy\u00fck g\u00f6rsel *\/\r\n  object-fit: cover;\r\n}\r\n.product-item h3 {\r\n  margin: 16px 0 16px;\r\n  font-size: 22px; \/* Daha b\u00fcy\u00fck ba\u015fl\u0131k *\/\r\n  color: #333;\r\n}\r\n.product-item .btn {\r\n  display: inline-block;\r\n  margin-bottom: 20px;\r\n  padding: 16px 32px; \/* Daha b\u00fcy\u00fck buton *\/\r\n  background-color: #b6975c; \/* siyah buton *\/\r\n  color: #fff;\r\n  text-decoration: none;\r\n  border-radius: 6px;\r\n  font-weight: 500;\r\n  transition: background-color 0.3s, transform 0.3s;\r\n}\r\n.product-item .btn:hover {\r\n  background-color: #333; \/* hoverda biraz a\u00e7\u0131k siyah *\/\r\n  transform: scale(1.05);\r\n}\r\n@media (max-width: 1024px) {\r\n  .product-grid {\r\n    grid-template-columns: repeat(auto-fit, minmax(300px, 1fr));\r\n    gap: 35px;\r\n  }\r\n  .product-item img {\r\n    height: 240px;\r\n  }\r\n}\r\n@media (max-width: 768px) {\r\n  .product-grid {\r\n    grid-template-columns: repeat(auto-fit, minmax(240px, 1fr));\r\n    gap: 25px;\r\n  }\r\n  .product-item img {\r\n    height: 200px;\r\n  }\r\n}\r\n<\/style>\r\n\r\n<div class=\"product-grid\">\r\n  <div class=\"product-item\">\r\n    <img decoding=\"async\" src=\"https:\/\/primeguestamenities.com\/wp-content\/uploads\/2025\/12\/Gemini_Generated_Image_x54hqcx54hqcx54h-2.png\" alt=\"Dental Kit\">\r\n    <h3>Dental Kit<\/h3>\r\n    <a href=\"#\" class=\"btn\">Details<\/a>\r\n  <\/div>\r\n  <div class=\"product-item\">\r\n    <img decoding=\"async\" src=\"https:\/\/primeguestamenities.com\/wp-content\/uploads\/2025\/12\/Gemini_Generated_Image_x54hqcx54hqcx54h-2.png\" alt=\"Shaving Kit\">\r\n    <h3>Shaving Kit<\/h3>\r\n    <a href=\"#\" class=\"btn\">Details<\/a>\r\n  <\/div>\r\n  <div class=\"product-item\">\r\n    <img decoding=\"async\" src=\"https:\/\/primeguestamenities.com\/wp-content\/uploads\/2025\/12\/Gemini_Generated_Image_x54hqcx54hqcx54h-2.png\" alt=\"Combs\">\r\n    <h3>Combs<\/h3>\r\n    <a href=\"#\" class=\"btn\">Details<\/a>\r\n  <\/div>\r\n  <div class=\"product-item\">\r\n    <img decoding=\"async\" src=\"https:\/\/primeguestamenities.com\/wp-content\/uploads\/2025\/12\/Gemini_Generated_Image_x54hqcx54hqcx54h-2.png\" alt=\"Loofah\">\r\n    <h3>Loofah<\/h3>\r\n    <a href=\"#\" class=\"btn\">Details<\/a>\r\n  <\/div>\r\n  <div class=\"product-item\">\r\n    <img decoding=\"async\" src=\"https:\/\/primeguestamenities.com\/wp-content\/uploads\/2025\/12\/Gemini_Generated_Image_x54hqcx54hqcx54h-2.png\" alt=\"Laundry Bag\">\r\n    <h3>Laundry Bag<\/h3>\r\n    <a href=\"#\" class=\"btn\">Details<\/a>\r\n  <\/div>\r\n  <div class=\"product-item\">\r\n    <img decoding=\"async\" src=\"https:\/\/primeguestamenities.com\/wp-content\/uploads\/2025\/12\/Gemini_Generated_Image_x54hqcx54hqcx54h-2.png\" alt=\"Vanity Kit\">\r\n    <h3>Vanity kit & Nail File & Cotton Pad & Cotton Bud & Cotton Ball & Sewing Kit & Shower Cap<\/h3>\r\n    <a href=\"#\" class=\"btn\">Details<\/a>\r\n  <\/div>\r\n  <div class=\"product-item\">\r\n    <img decoding=\"async\" src=\"https:\/\/primeguestamenities.com\/wp-content\/uploads\/2025\/12\/Gemini_Generated_Image_x54hqcx54hqcx54h-2.png\" alt=\"Shoe Care\">\r\n    <h3>Shoe Horn & Shine & Mitt<\/h3>\r\n    <a href=\"#\" class=\"btn\">Details<\/a>\r\n  <\/div>\r\n  <div class=\"product-item\">\r\n    <img decoding=\"async\" src=\"https:\/\/primeguestamenities.com\/wp-content\/uploads\/2025\/12\/Gemini_Generated_Image_x54hqcx54hqcx54h-2.png\" alt=\"Glass Cover & Coaster\">\r\n    <h3>Glass Cover & Coaster<\/h3>\r\n    <a href=\"#\" class=\"btn\">Details<\/a>\r\n  <\/div>\r\n  <div class=\"product-item\">\r\n    <img decoding=\"async\" src=\"https:\/\/primeguestamenities.com\/wp-content\/uploads\/2025\/12\/Gemini_Generated_Image_x54hqcx54hqcx54h-2.png\" alt=\"Pencil & Ballpen\">\r\n    <h3>Pencil & Ballpen<\/h3>\r\n    <a href=\"#\" class=\"btn\">Details<\/a>\r\n  <\/div>\r\n  <div class=\"product-item\">\r\n   <img decoding=\"async\" src=\"https:\/\/primeguestamenities.com\/wp-content\/uploads\/2025\/12\/Gemini_Generated_Image_x54hqcx54hqcx54h-2.png\" alt=\"Soap\">\r\n    <h3>Soap<\/h3>\r\n    <a href=\"#\" class=\"btn\">Details<\/a>\r\n  <\/div>\r\n  <div class=\"product-item\">\r\n    <img decoding=\"async\" src=\"https:\/\/primeguestamenities.com\/wp-content\/uploads\/2025\/12\/Gemini_Generated_Image_x54hqcx54hqcx54h-2.png\" alt=\"Bottles\">\r\n    <h3>Bottles<\/h3>\r\n    <a href=\"#\" class=\"btn\">Details<\/a>\r\n  <\/div>\r\n  <div class=\"product-item\">\r\n    <img decoding=\"async\" src=\"https:\/\/primeguestamenities.com\/wp-content\/uploads\/2025\/12\/Gemini_Generated_Image_x54hqcx54hqcx54h-2.png\" alt=\"Brackets\">\r\n    <h3>Brackets<\/h3>\r\n    <a href=\"#\" class=\"btn\">Details<\/a>\r\n  <\/div>\r\n<\/div>\r\n\t\t\t\t<\/div>\n\t\t\t\t<\/div>\n\t\t\t\t<\/div>\n\t\t","protected":false},"excerpt":{"rendered":"<p>Your Trusted Partner in Amenity Solutions An unforgettable stay is not just about a comfortable bed or a breathtaking view; it lies in the care and the feeling of \u201ceverything here has been thoughtfully arranged for me\u201d that a guest experiences from the moment they enter the room. At Prime Guest Amenities, we are the [&hellip;]<\/p>\n","protected":false},"author":1,"featured_media":0,"parent":0,"menu_order":0,"comment_status":"closed","ping_status":"closed","template":"elementor_header_footer","meta":{"footnotes":""},"class_list":["post-38","page","type-page","status-publish","hentry"],"_links":{"self":[{"href":"https:\/\/primeguestamenities.com\/index.php\/wp-json\/wp\/v2\/pages\/38","targetHints":{"allow":["GET"]}}],"collection":[{"href":"https:\/\/primeguestamenities.com\/index.php\/wp-json\/wp\/v2\/pages"}],"about":[{"href":"https:\/\/primeguestamenities.com\/index.php\/wp-json\/wp\/v2\/types\/page"}],"author":[{"embeddable":true,"href":"https:\/\/primeguestamenities.com\/index.php\/wp-json\/wp\/v2\/users\/1"}],"replies":[{"embeddable":true,"href":"https:\/\/primeguestamenities.com\/index.php\/wp-json\/wp\/v2\/comments?post=38"}],"version-history":[{"count":189,"href":"https:\/\/primeguestamenities.com\/index.php\/wp-json\/wp\/v2\/pages\/38\/revisions"}],"predecessor-version":[{"id":1227,"href":"https:\/\/primeguestamenities.com\/index.php\/wp-json\/wp\/v2\/pages\/38\/revisions\/1227"}],"wp:attachment":[{"href":"https:\/\/primeguestamenities.com\/index.php\/wp-json\/wp\/v2\/media?parent=38"}],"curies":[{"name":"wp","href":"https:\/\/api.w.org\/{rel}","templated":true}]}}