{"id":1297,"date":"2026-04-01T13:44:42","date_gmt":"2026-04-01T13:44:42","guid":{"rendered":"https:\/\/primeguestamenities.com\/?page_id=1297"},"modified":"2026-04-01T22:29:17","modified_gmt":"2026-04-01T22:29:17","slug":"degerlerimiz","status":"publish","type":"page","link":"https:\/\/primeguestamenities.com\/index.php\/degerlerimiz\/","title":{"rendered":"De\u011ferlerimiz"},"content":{"rendered":"\t\t<div data-elementor-type=\"wp-page\" data-elementor-id=\"1297\" class=\"elementor elementor-1297\">\n\t\t\t\t<div class=\"elementor-element elementor-element-e90aca2 e-con-full e-flex e-con e-parent\" data-id=\"e90aca2\" data-element_type=\"container\" data-settings=\"{&quot;background_background&quot;:&quot;slideshow&quot;,&quot;background_slideshow_gallery&quot;:[{&quot;id&quot;:1230,&quot;url&quot;:&quot;https:\\\/\\\/primeguestamenities.com\\\/wp-content\\\/uploads\\\/2026\\\/03\\\/hakkimizda.jpeg&quot;}],&quot;background_slideshow_loop&quot;:&quot;yes&quot;,&quot;background_slideshow_slide_duration&quot;:5000,&quot;background_slideshow_slide_transition&quot;:&quot;fade&quot;,&quot;background_slideshow_transition_duration&quot;:500}\">\n\t\t<div class=\"elementor-element elementor-element-e5133bd e-con-full e-flex e-con e-child\" data-id=\"e5133bd\" data-element_type=\"container\" data-settings=\"{&quot;background_background&quot;:&quot;classic&quot;}\">\n\t\t\t\t<div class=\"elementor-element elementor-element-99d7555 elementor-widget elementor-widget-heading\" data-id=\"99d7555\" data-element_type=\"widget\" data-widget_type=\"heading.default\">\n\t\t\t\t\t<h2 class=\"elementor-heading-title elementor-size-default\">DE\u011eERLER\u0130M\u0130Z<\/h2>\t\t\t\t<\/div>\n\t\t\t\t<\/div>\n\t\t\t\t<\/div>\n\t\t<div class=\"elementor-element elementor-element-e8243be e-flex e-con-boxed e-con e-parent\" data-id=\"e8243be\" data-element_type=\"container\">\n\t\t\t\t\t<div class=\"e-con-inner\">\n\t\t<div class=\"elementor-element elementor-element-18be601 e-con-full e-flex e-con e-child\" data-id=\"18be601\" data-element_type=\"container\">\n\t\t\t\t<div class=\"elementor-element elementor-element-a974f5d elementor-widget elementor-widget-image\" data-id=\"a974f5d\" data-element_type=\"widget\" data-widget_type=\"image.default\">\n\t\t\t\t\t\t\t\t\t\t\t\t\t\t\t<img decoding=\"async\" src=\"https:\/\/primeguestamenities.com\/wp-content\/plugins\/elementor\/assets\/images\/placeholder.png\" title=\"\" alt=\"\" loading=\"lazy\" \/>\t\t\t\t\t\t\t\t\t\t\t\t\t\t\t<\/div>\n\t\t\t\t<\/div>\n\t\t<div class=\"elementor-element elementor-element-aca7130 e-con-full e-flex e-con e-child\" data-id=\"aca7130\" data-element_type=\"container\">\n\t\t\t\t<div class=\"elementor-element elementor-element-ade8215 elementor-widget elementor-widget-heading\" data-id=\"ade8215\" data-element_type=\"widget\" data-widget_type=\"heading.default\">\n\t\t\t\t\t<h2 class=\"elementor-heading-title elementor-size-default\">Kalite<\/h2>\t\t\t\t<\/div>\n\t\t\t\t<div class=\"elementor-element elementor-element-b9a07d2 elementor-widget elementor-widget-text-editor\" data-id=\"b9a07d2\" data-element_type=\"widget\" data-widget_type=\"text-editor.default\">\n\t\t\t\t\t\t\t\t\t<p>T\u00fcm \u00fcr\u00fcn ve hizmetlerimizde y\u00fcksek kalite standartlar\u0131n\u0131 \u00f6n planda tutar\u0131z.<\/p>\t\t\t\t\t\t\t\t<\/div>\n\t\t\t\t<\/div>\n\t\t\t\t\t<\/div>\n\t\t\t\t<\/div>\n\t\t<div class=\"elementor-element elementor-element-bc86a3d e-flex e-con-boxed e-con e-parent\" data-id=\"bc86a3d\" data-element_type=\"container\">\n\t\t\t\t\t<div class=\"e-con-inner\">\n\t\t<div class=\"elementor-element elementor-element-ece2ad7 e-con-full e-flex e-con e-child\" data-id=\"ece2ad7\" data-element_type=\"container\">\n\t\t\t\t<div class=\"elementor-element elementor-element-bb502a0 elementor-widget elementor-widget-image\" data-id=\"bb502a0\" data-element_type=\"widget\" data-widget_type=\"image.default\">\n\t\t\t\t\t\t\t\t\t\t\t\t\t\t\t<img decoding=\"async\" src=\"https:\/\/primeguestamenities.com\/wp-content\/plugins\/elementor\/assets\/images\/placeholder.png\" title=\"\" alt=\"\" loading=\"lazy\" \/>\t\t\t\t\t\t\t\t\t\t\t\t\t\t\t<\/div>\n\t\t\t\t<\/div>\n\t\t<div class=\"elementor-element elementor-element-1032c8c e-con-full e-flex e-con e-child\" data-id=\"1032c8c\" data-element_type=\"container\">\n\t\t\t\t<div class=\"elementor-element elementor-element-16391b3 elementor-widget elementor-widget-heading\" data-id=\"16391b3\" data-element_type=\"widget\" data-widget_type=\"heading.default\">\n\t\t\t\t\t<h2 class=\"elementor-heading-title elementor-size-default\">G\u00fcven<\/h2>\t\t\t\t<\/div>\n\t\t\t\t<div class=\"elementor-element elementor-element-2d261e3 elementor-widget elementor-widget-text-editor\" data-id=\"2d261e3\" data-element_type=\"widget\" data-widget_type=\"text-editor.default\">\n\t\t\t\t\t\t\t\t\t<p>\u0130\u015f ortaklar\u0131m\u0131zla uzun vadeli ve \u015feffaf ili\u015fkiler kurar\u0131z.<\/p>\t\t\t\t\t\t\t\t<\/div>\n\t\t\t\t<\/div>\n\t\t\t\t\t<\/div>\n\t\t\t\t<\/div>\n\t\t<div class=\"elementor-element elementor-element-646bc3e e-flex e-con-boxed e-con e-parent\" data-id=\"646bc3e\" data-element_type=\"container\">\n\t\t\t\t\t<div class=\"e-con-inner\">\n\t\t<div class=\"elementor-element elementor-element-d79ed4e e-con-full e-flex e-con e-child\" data-id=\"d79ed4e\" data-element_type=\"container\">\n\t\t\t\t<div class=\"elementor-element elementor-element-dc9e7e2 elementor-widget elementor-widget-image\" data-id=\"dc9e7e2\" data-element_type=\"widget\" data-widget_type=\"image.default\">\n\t\t\t\t\t\t\t\t\t\t\t\t\t\t\t<img decoding=\"async\" src=\"https:\/\/primeguestamenities.com\/wp-content\/plugins\/elementor\/assets\/images\/placeholder.png\" title=\"\" alt=\"\" loading=\"lazy\" \/>\t\t\t\t\t\t\t\t\t\t\t\t\t\t\t<\/div>\n\t\t\t\t<\/div>\n\t\t<div class=\"elementor-element elementor-element-04ec8ad e-con-full e-flex e-con e-child\" data-id=\"04ec8ad\" data-element_type=\"container\">\n\t\t\t\t<div class=\"elementor-element elementor-element-ca73a9d elementor-widget elementor-widget-heading\" data-id=\"ca73a9d\" data-element_type=\"widget\" data-widget_type=\"heading.default\">\n\t\t\t\t\t<h2 class=\"elementor-heading-title elementor-size-default\">S\u00fcrd\u00fcr\u00fclebilirlik<\/h2>\t\t\t\t<\/div>\n\t\t\t\t<div class=\"elementor-element elementor-element-1b7b8a9 elementor-widget elementor-widget-text-editor\" data-id=\"1b7b8a9\" data-element_type=\"widget\" data-widget_type=\"text-editor.default\">\n\t\t\t\t\t\t\t\t\t<p>Do\u011faya sayg\u0131l\u0131 \u00fcretim ve ambalaj \u00e7\u00f6z\u00fcmleri geli\u015ftiririz.<\/p>\t\t\t\t\t\t\t\t<\/div>\n\t\t\t\t<\/div>\n\t\t\t\t\t<\/div>\n\t\t\t\t<\/div>\n\t\t<div class=\"elementor-element elementor-element-316650d e-flex e-con-boxed e-con e-parent\" data-id=\"316650d\" data-element_type=\"container\">\n\t\t\t\t\t<div class=\"e-con-inner\">\n\t\t<div class=\"elementor-element elementor-element-1b8f999 e-con-full e-flex e-con e-child\" data-id=\"1b8f999\" data-element_type=\"container\">\n\t\t\t\t<div class=\"elementor-element elementor-element-8d48d1d elementor-widget elementor-widget-image\" data-id=\"8d48d1d\" data-element_type=\"widget\" data-widget_type=\"image.default\">\n\t\t\t\t\t\t\t\t\t\t\t\t\t\t\t<img decoding=\"async\" src=\"https:\/\/primeguestamenities.com\/wp-content\/plugins\/elementor\/assets\/images\/placeholder.png\" title=\"\" alt=\"\" loading=\"lazy\" \/>\t\t\t\t\t\t\t\t\t\t\t\t\t\t\t<\/div>\n\t\t\t\t<\/div>\n\t\t<div class=\"elementor-element elementor-element-e3698c9 e-con-full e-flex e-con e-child\" data-id=\"e3698c9\" data-element_type=\"container\">\n\t\t\t\t<div class=\"elementor-element elementor-element-0344f78 elementor-widget elementor-widget-heading\" data-id=\"0344f78\" data-element_type=\"widget\" data-widget_type=\"heading.default\">\n\t\t\t\t\t<h2 class=\"elementor-heading-title elementor-size-default\">Yenilik\u00e7ilik<\/h2>\t\t\t\t<\/div>\n\t\t\t\t<div class=\"elementor-element elementor-element-8bcef90 elementor-widget elementor-widget-text-editor\" data-id=\"8bcef90\" data-element_type=\"widget\" data-widget_type=\"text-editor.default\">\n\t\t\t\t\t\t\t\t\t<p>Sekt\u00f6rdeki de\u011fi\u015fimleri yak\u0131ndan takip ederek s\u00fcrekli geli\u015fen \u00e7\u00f6z\u00fcmler sunar\u0131z.<\/p>\t\t\t\t\t\t\t\t<\/div>\n\t\t\t\t<\/div>\n\t\t\t\t\t<\/div>\n\t\t\t\t<\/div>\n\t\t<div class=\"elementor-element elementor-element-c5e5bf7 e-flex e-con-boxed e-con e-parent\" data-id=\"c5e5bf7\" data-element_type=\"container\">\n\t\t\t\t\t<div class=\"e-con-inner\">\n\t\t<div class=\"elementor-element elementor-element-821be5a e-con-full e-flex e-con e-child\" data-id=\"821be5a\" data-element_type=\"container\">\n\t\t\t\t<div class=\"elementor-element elementor-element-7a40e51 elementor-widget elementor-widget-image\" data-id=\"7a40e51\" data-element_type=\"widget\" data-widget_type=\"image.default\">\n\t\t\t\t\t\t\t\t\t\t\t\t\t\t\t<img decoding=\"async\" src=\"https:\/\/primeguestamenities.com\/wp-content\/plugins\/elementor\/assets\/images\/placeholder.png\" title=\"\" alt=\"\" loading=\"lazy\" \/>\t\t\t\t\t\t\t\t\t\t\t\t\t\t\t<\/div>\n\t\t\t\t<\/div>\n\t\t<div class=\"elementor-element elementor-element-04567b9 e-con-full e-flex e-con e-child\" data-id=\"04567b9\" data-element_type=\"container\">\n\t\t\t\t<div class=\"elementor-element elementor-element-c08ec1e elementor-widget elementor-widget-heading\" data-id=\"c08ec1e\" data-element_type=\"widget\" data-widget_type=\"heading.default\">\n\t\t\t\t\t<h2 class=\"elementor-heading-title elementor-size-default\">\u0130\u015f Ortakl\u0131\u011f\u0131<\/h2>\t\t\t\t<\/div>\n\t\t\t\t<div class=\"elementor-element elementor-element-7f1c79d elementor-widget elementor-widget-text-editor\" data-id=\"7f1c79d\" data-element_type=\"widget\" data-widget_type=\"text-editor.default\">\n\t\t\t\t\t\t\t\t\t<p>M\u00fc\u015fterilerimizi sadece m\u00fc\u015fteri olarak de\u011fil, birlikte b\u00fcy\u00fcd\u00fc\u011f\u00fcm\u00fcz i\u015f ortaklar\u0131 olarak g\u00f6r\u00fcr\u00fcz.<\/p>\t\t\t\t\t\t\t\t<\/div>\n\t\t\t\t<\/div>\n\t\t\t\t\t<\/div>\n\t\t\t\t<\/div>\n\t\t\t\t<\/div>\n\t\t","protected":false},"excerpt":{"rendered":"<p>DE\u011eERLER\u0130M\u0130Z Kalite T\u00fcm \u00fcr\u00fcn ve hizmetlerimizde y\u00fcksek kalite standartlar\u0131n\u0131 \u00f6n planda tutar\u0131z. G\u00fcven \u0130\u015f ortaklar\u0131m\u0131zla uzun vadeli ve \u015feffaf ili\u015fkiler kurar\u0131z. S\u00fcrd\u00fcr\u00fclebilirlik Do\u011faya sayg\u0131l\u0131 \u00fcretim ve ambalaj \u00e7\u00f6z\u00fcmleri geli\u015ftiririz. Yenilik\u00e7ilik Sekt\u00f6rdeki de\u011fi\u015fimleri yak\u0131ndan takip ederek s\u00fcrekli geli\u015fen \u00e7\u00f6z\u00fcmler sunar\u0131z. \u0130\u015f Ortakl\u0131\u011f\u0131 M\u00fc\u015fterilerimizi sadece m\u00fc\u015fteri olarak de\u011fil, birlikte b\u00fcy\u00fcd\u00fc\u011f\u00fcm\u00fcz i\u015f ortaklar\u0131 olarak g\u00f6r\u00fcr\u00fcz.<\/p>\n","protected":false},"author":1,"featured_media":0,"parent":0,"menu_order":0,"comment_status":"closed","ping_status":"closed","template":"elementor_header_footer","meta":{"footnotes":""},"class_list":["post-1297","page","type-page","status-publish","hentry"],"_links":{"self":[{"href":"https:\/\/primeguestamenities.com\/index.php\/wp-json\/wp\/v2\/pages\/1297","targetHints":{"allow":["GET"]}}],"collection":[{"href":"https:\/\/primeguestamenities.com\/index.php\/wp-json\/wp\/v2\/pages"}],"about":[{"href":"https:\/\/primeguestamenities.com\/index.php\/wp-json\/wp\/v2\/types\/page"}],"author":[{"embeddable":true,"href":"https:\/\/primeguestamenities.com\/index.php\/wp-json\/wp\/v2\/users\/1"}],"replies":[{"embeddable":true,"href":"https:\/\/primeguestamenities.com\/index.php\/wp-json\/wp\/v2\/comments?post=1297"}],"version-history":[{"count":15,"href":"https:\/\/primeguestamenities.com\/index.php\/wp-json\/wp\/v2\/pages\/1297\/revisions"}],"predecessor-version":[{"id":1329,"href":"https:\/\/primeguestamenities.com\/index.php\/wp-json\/wp\/v2\/pages\/1297\/revisions\/1329"}],"wp:attachment":[{"href":"https:\/\/primeguestamenities.com\/index.php\/wp-json\/wp\/v2\/media?parent=1297"}],"curies":[{"name":"wp","href":"https:\/\/api.w.org\/{rel}","templated":true}]}}