{"id":1270,"date":"2026-04-01T12:41:52","date_gmt":"2026-04-01T12:41:52","guid":{"rendered":"https:\/\/primeguestamenities.com\/?page_id=1270"},"modified":"2026-04-01T13:53:28","modified_gmt":"2026-04-01T13:53:28","slug":"misyon-ve-vizyon","status":"publish","type":"page","link":"https:\/\/primeguestamenities.com\/index.php\/misyon-ve-vizyon\/","title":{"rendered":"M\u0130SYON VE V\u0130ZYON"},"content":{"rendered":"\t\t<div data-elementor-type=\"wp-page\" data-elementor-id=\"1270\" class=\"elementor elementor-1270\">\n\t\t\t\t<div class=\"elementor-element elementor-element-d8a55b2 e-con-full e-flex e-con e-parent\" data-id=\"d8a55b2\" data-element_type=\"container\" data-settings=\"{&quot;background_background&quot;:&quot;slideshow&quot;,&quot;background_slideshow_gallery&quot;:[{&quot;id&quot;:1230,&quot;url&quot;:&quot;https:\\\/\\\/primeguestamenities.com\\\/wp-content\\\/uploads\\\/2026\\\/03\\\/hakkimizda.jpeg&quot;}],&quot;background_slideshow_loop&quot;:&quot;yes&quot;,&quot;background_slideshow_slide_duration&quot;:5000,&quot;background_slideshow_slide_transition&quot;:&quot;fade&quot;,&quot;background_slideshow_transition_duration&quot;:500}\">\n\t\t<div class=\"elementor-element elementor-element-692f683 e-con-full e-flex e-con e-child\" data-id=\"692f683\" data-element_type=\"container\" data-settings=\"{&quot;background_background&quot;:&quot;classic&quot;}\">\n\t\t\t\t<div class=\"elementor-element elementor-element-bbdb208 elementor-widget elementor-widget-heading\" data-id=\"bbdb208\" data-element_type=\"widget\" data-widget_type=\"heading.default\">\n\t\t\t\t\t<h2 class=\"elementor-heading-title elementor-size-default\">M\u0130SYON VE V\u0130ZYON \n<\/h2>\t\t\t\t<\/div>\n\t\t\t\t<\/div>\n\t\t\t\t<\/div>\n\t\t<div class=\"elementor-element elementor-element-1ea4cc3 e-flex e-con-boxed e-con e-parent\" data-id=\"1ea4cc3\" data-element_type=\"container\">\n\t\t\t\t\t<div class=\"e-con-inner\">\n\t\t\t\t<div class=\"elementor-element elementor-element-13b62ac elementor-widget elementor-widget-heading\" data-id=\"13b62ac\" data-element_type=\"widget\" data-widget_type=\"heading.default\">\n\t\t\t\t\t<h2 class=\"elementor-heading-title elementor-size-default\">Misyonumuz<\/h2>\t\t\t\t<\/div>\n\t\t\t\t<div class=\"elementor-element elementor-element-e540f9c elementor-widget elementor-widget-text-editor\" data-id=\"e540f9c\" data-element_type=\"widget\" data-widget_type=\"text-editor.default\">\n\t\t\t\t\t\t\t\t\t<p>Konaklama sekt\u00f6r\u00fcndeki i\u015fletmelere kaliteli, estetik ve s\u00fcrd\u00fcr\u00fclebilir buklet \u00fcr\u00fcnleri sunarak misafir deneyimini g\u00fc\u00e7lendiren profesyonel \u00e7\u00f6z\u00fcmler \u00fcretmek ve i\u015f ortaklar\u0131m\u0131z\u0131n hizmet kalitesine de\u011fer katmak.<\/p>\t\t\t\t\t\t\t\t<\/div>\n\t\t\t\t<div class=\"elementor-element elementor-element-9f0fa3c elementor-widget elementor-widget-heading\" data-id=\"9f0fa3c\" data-element_type=\"widget\" data-widget_type=\"heading.default\">\n\t\t\t\t\t<h2 class=\"elementor-heading-title elementor-size-default\">Vizyonumuz\n<\/h2>\t\t\t\t<\/div>\n\t\t\t\t<div class=\"elementor-element elementor-element-254debd elementor-widget elementor-widget-text-editor\" data-id=\"254debd\" data-element_type=\"widget\" data-widget_type=\"text-editor.default\">\n\t\t\t\t\t\t\t\t\t<p>Konaklama sekt\u00f6r\u00fcnde yenilik\u00e7i tasar\u0131m anlay\u0131\u015f\u0131, g\u00fcvenilir tedarik a\u011f\u0131 ve s\u00fcrd\u00fcr\u00fclebilir \u00fcretim yakla\u015f\u0131m\u0131 ile ulusal ve uluslararas\u0131 pazarda tercih edilen lider buklet \u00e7\u00f6z\u00fcm sa\u011flay\u0131c\u0131lar\u0131ndan biri olmak.<\/p>\t\t\t\t\t\t\t\t<\/div>\n\t\t\t\t\t<\/div>\n\t\t\t\t<\/div>\n\t\t\t\t<\/div>\n\t\t","protected":false},"excerpt":{"rendered":"<p>M\u0130SYON VE V\u0130ZYON Misyonumuz Konaklama sekt\u00f6r\u00fcndeki i\u015fletmelere kaliteli, estetik ve s\u00fcrd\u00fcr\u00fclebilir buklet \u00fcr\u00fcnleri sunarak misafir deneyimini g\u00fc\u00e7lendiren profesyonel \u00e7\u00f6z\u00fcmler \u00fcretmek ve i\u015f ortaklar\u0131m\u0131z\u0131n hizmet kalitesine de\u011fer katmak. Vizyonumuz Konaklama sekt\u00f6r\u00fcnde yenilik\u00e7i tasar\u0131m anlay\u0131\u015f\u0131, g\u00fcvenilir tedarik a\u011f\u0131 ve s\u00fcrd\u00fcr\u00fclebilir \u00fcretim yakla\u015f\u0131m\u0131 ile ulusal ve uluslararas\u0131 pazarda tercih edilen lider buklet \u00e7\u00f6z\u00fcm sa\u011flay\u0131c\u0131lar\u0131ndan biri olmak.<\/p>\n","protected":false},"author":1,"featured_media":0,"parent":0,"menu_order":0,"comment_status":"closed","ping_status":"closed","template":"elementor_header_footer","meta":{"footnotes":""},"class_list":["post-1270","page","type-page","status-publish","hentry"],"_links":{"self":[{"href":"https:\/\/primeguestamenities.com\/index.php\/wp-json\/wp\/v2\/pages\/1270","targetHints":{"allow":["GET"]}}],"collection":[{"href":"https:\/\/primeguestamenities.com\/index.php\/wp-json\/wp\/v2\/pages"}],"about":[{"href":"https:\/\/primeguestamenities.com\/index.php\/wp-json\/wp\/v2\/types\/page"}],"author":[{"embeddable":true,"href":"https:\/\/primeguestamenities.com\/index.php\/wp-json\/wp\/v2\/users\/1"}],"replies":[{"embeddable":true,"href":"https:\/\/primeguestamenities.com\/index.php\/wp-json\/wp\/v2\/comments?post=1270"}],"version-history":[{"count":20,"href":"https:\/\/primeguestamenities.com\/index.php\/wp-json\/wp\/v2\/pages\/1270\/revisions"}],"predecessor-version":[{"id":1319,"href":"https:\/\/primeguestamenities.com\/index.php\/wp-json\/wp\/v2\/pages\/1270\/revisions\/1319"}],"wp:attachment":[{"href":"https:\/\/primeguestamenities.com\/index.php\/wp-json\/wp\/v2\/media?parent=1270"}],"curies":[{"name":"wp","href":"https:\/\/api.w.org\/{rel}","templated":true}]}}